{"id":10,"date":"2024-01-29T16:01:16","date_gmt":"2024-01-29T15:01:16","guid":{"rendered":"https:\/\/la-comedia.be\/?page_id=10"},"modified":"2026-01-12T11:23:26","modified_gmt":"2026-01-12T10:23:26","slug":"accueil","status":"publish","type":"page","link":"https:\/\/restoasti.be\/","title":{"rendered":"Accueil"},"content":{"rendered":"\n[et_pb_section fb_built=&#8221;1&#8243; admin_label=&#8221;Header&#8221; _builder_version=&#8221;4.24.0&#8243; _module_preset=&#8221;default&#8221; background_image=&#8221;https:\/\/restoasti.be\/wp-content\/uploads\/2024\/04\/asti-1.png&#8221; parallax=&#8221;on&#8221; custom_padding=&#8221;13vw||13vw||true|false&#8221; collapsed=&#8221;on&#8221; global_colors_info=&#8221;{}&#8221;][et_pb_row _builder_version=&#8221;4.21.0&#8243; _module_preset=&#8221;default&#8221; global_colors_info=&#8221;{}&#8221;][et_pb_column type=&#8221;4_4&#8243; _builder_version=&#8221;4.21.0&#8243; _module_preset=&#8221;default&#8221; global_colors_info=&#8221;{}&#8221;][et_pb_text _builder_version=&#8221;4.24.0&#8243; _module_preset=&#8221;653177b7-d58f-45ba-8782-56d6880ecb8d&#8221; header_font=&#8221;Alegreya||||||||&#8221; header_text_color=&#8221;#FFFFFF&#8221; text_orientation=&#8221;center&#8221; custom_margin=&#8221;||10px||false|false&#8221; global_colors_info=&#8221;{}&#8221;]<h1>Asti<\/h1>[\/et_pb_text][et_pb_text _builder_version=&#8221;4.24.0&#8243; _module_preset=&#8221;707ce161-ced2-42de-8787-c64c2aa5045f&#8221; header_5_text_color=&#8221;#FFFFFF&#8221; text_orientation=&#8221;center&#8221; global_colors_info=&#8221;{}&#8221;]<h5>Dal 1957<\/h5>[\/et_pb_text][\/et_pb_column][\/et_pb_row][\/et_pb_section][et_pb_section fb_built=&#8221;1&#8243; admin_label=&#8221;About&#8221; _builder_version=&#8221;4.24.0&#8243; _module_preset=&#8221;default&#8221; background_color_gradient_direction=&#8221;90deg&#8221; custom_padding=&#8221;0px||0px||true|false&#8221; collapsed=&#8221;on&#8221; global_colors_info=&#8221;{}&#8221;][et_pb_row column_structure=&#8221;1_2,1_2&#8243; use_custom_gutter=&#8221;on&#8221; gutter_width=&#8221;1&#8243; make_equal=&#8221;on&#8221; admin_label=&#8221;Best Beans Row&#8221; module_class=&#8221; et_pb_row_fullwidth&#8221; _builder_version=&#8221;4.24.0&#8243; _module_preset=&#8221;default&#8221; width=&#8221;100%&#8221; max_width=&#8221;none&#8221; custom_margin=&#8221;|||&#8221; custom_padding=&#8221;0px||0px||false|false&#8221; make_fullwidth=&#8221;on&#8221; global_colors_info=&#8221;{}&#8221;][et_pb_column type=&#8221;1_2&#8243; _builder_version=&#8221;4.21.0&#8243; _module_preset=&#8221;default&#8221; custom_padding=&#8221;8%|8%|8%|8%|true|true&#8221; global_colors_info=&#8221;{}&#8221; custom_padding__hover=&#8221;|||&#8221;][et_pb_text _builder_version=&#8221;4.21.0&#8243; _module_preset=&#8221;daf23316-f01f-452c-af40-433b3f3ffe29&#8243; custom_margin=&#8221;||10px||false|false&#8221; global_colors_info=&#8221;{}&#8221;]<h2>Les incontournables<\/h2>[\/et_pb_text][et_pb_text _builder_version=&#8221;4.24.0&#8243; _module_preset=&#8221;cee2ac23-82b5-4535-8595-49d22b4b93c8&#8243; custom_margin=&#8221;||30px||false|false&#8221; global_colors_info=&#8221;{}&#8221;]<p><span>D\u00e9couvrez nos incontournables de la cuisine italienne : le foie de veau \u00e0 la v\u00e9nitienne, l&#8217;osso buco, l&#8217;escalope valdostane et les p\u00e2tes Asti&#8230;<\/span><\/p>[\/et_pb_text][et_pb_button _builder_version=&#8221;4.24.0&#8243; _module_preset=&#8221;10ed79ae-93a6-4740-9801-ea4c09a2927f&#8221; global_colors_info=&#8221;{}&#8221;][\/et_pb_button][\/et_pb_column][et_pb_column type=&#8221;1_2&#8243; _builder_version=&#8221;4.24.0&#8243; _module_preset=&#8221;default&#8221; background_image=&#8221;https:\/\/restoasti.be\/wp-content\/uploads\/2024\/04\/asti-resto3-1.jpg&#8221; custom_padding=&#8221;|||&#8221; box_shadow_style=&#8221;preset2&#8243; global_colors_info=&#8221;{}&#8221; custom_padding__hover=&#8221;|||&#8221;][et_pb_divider show_divider=&#8221;off&#8221; _builder_version=&#8221;4.21.0&#8243; _module_preset=&#8221;default&#8221; height_tablet=&#8221;40vw&#8221; height_phone=&#8221;40vw&#8221; height_last_edited=&#8221;on|desktop&#8221; global_colors_info=&#8221;{}&#8221;][\/et_pb_divider][\/et_pb_column][\/et_pb_row][\/et_pb_section][et_pb_section fb_built=&#8221;1&#8243; admin_label=&#8221;Call to Action&#8221; _builder_version=&#8221;4.24.0&#8243; _module_preset=&#8221;default&#8221; background_enable_image=&#8221;off&#8221; custom_margin=&#8221;|||&#8221; custom_padding=&#8221;2vw||2vw||true|false&#8221; background_last_edited=&#8221;on|tablet&#8221; use_background_color_gradient_tablet=&#8221;on&#8221; background_color_gradient_type_tablet=&#8221;circular&#8221; background_color_gradient_direction_radial_tablet=&#8221;bottom left&#8221; background_color_gradient_stops_tablet=&#8221;rgba(255,255,255,0.8) 40%|rgba(255,255,255,0) 100%&#8221; background_color_gradient_overlays_image_tablet=&#8221;on&#8221; collapsed=&#8221;on&#8221; global_colors_info=&#8221;{}&#8221;][et_pb_row column_structure=&#8221;1_2,1_2&#8243; module_class=&#8221; et_pb_row_fullwidth&#8221; _builder_version=&#8221;4.21.0&#8243; _module_preset=&#8221;default&#8221; make_fullwidth=&#8221;on&#8221; global_colors_info=&#8221;{}&#8221;][et_pb_column type=&#8221;1_2&#8243; _builder_version=&#8221;4.16&#8243; _module_preset=&#8221;default&#8221; custom_padding=&#8221;|||&#8221; global_colors_info=&#8221;{}&#8221; custom_padding__hover=&#8221;|||&#8221;][et_pb_image src=&#8221;https:\/\/restoasti.be\/wp-content\/uploads\/2024\/04\/serveur.jpg&#8221; title_text=&#8221;serveur&#8221; _builder_version=&#8221;4.24.0&#8243; _module_preset=&#8221;default&#8221; box_shadow_style=&#8221;preset2&#8243; global_colors_info=&#8221;{}&#8221;][\/et_pb_image][\/et_pb_column][et_pb_column type=&#8221;1_2&#8243; _builder_version=&#8221;4.16&#8243; _module_preset=&#8221;default&#8221; custom_padding=&#8221;|||&#8221; global_colors_info=&#8221;{}&#8221; custom_padding__hover=&#8221;|||&#8221;][et_pb_text _builder_version=&#8221;4.24.0&#8243; _module_preset=&#8221;daf23316-f01f-452c-af40-433b3f3ffe29&#8243; custom_margin=&#8221;||10px||false|false&#8221; global_colors_info=&#8221;{}&#8221;]<h2>Le service<\/h2>[\/et_pb_text][et_pb_text _builder_version=&#8221;4.21.0&#8243; _module_preset=&#8221;cee2ac23-82b5-4535-8595-49d22b4b93c8&#8243; global_colors_info=&#8221;{}&#8221;]<p><span>Plongez dans l&#8217;excellence du service chez Asti avec notre \u00e9quipe immuable, \u00e0 la fois attentionn\u00e9e et efficace. Chaque membre s&#8217;engage avec passion pour assurer un service impeccable, de la prise de commande \u00e0 la d\u00e9coupe en salle, en passant par les flamb\u00e9es.<\/span><\/p>[\/et_pb_text][\/et_pb_column][\/et_pb_row][\/et_pb_section]\n","protected":false},"excerpt":{"rendered":"<p>AstiDal 1957Les incontournablesD\u00e9couvrez nos incontournables de la cuisine italienne : le foie de veau \u00e0 la v\u00e9nitienne, l&#8217;osso buco, l&#8217;escalope valdostane et les p\u00e2tes Asti&#8230;Le servicePlongez dans l&#8217;excellence du service chez Asti avec notre \u00e9quipe immuable, \u00e0 la fois attentionn\u00e9e et efficace. Chaque membre s&#8217;engage avec passion pour assurer un service impeccable, de la prise [&hellip;]<\/p>\n","protected":false},"author":1,"featured_media":0,"parent":0,"menu_order":0,"comment_status":"closed","ping_status":"closed","template":"","meta":{"_et_pb_use_builder":"on","_et_pb_old_content":"","_et_gb_content_width":"","footnotes":""},"class_list":["post-10","page","type-page","status-publish","hentry"],"yoast_head":"<!-- This site is optimized with the Yoast SEO plugin v26.7 - https:\/\/yoast.com\/wordpress\/plugins\/seo\/ -->\n<title>Accueil - Asti<\/title>\n<meta name=\"description\" content=\"Institution gastronomique \u00e0 Li\u00e8ge depuis plusieurs g\u00e9n\u00e9rations. Cuisine raffin\u00e9e, produits de qualit\u00e9 et savoir-faire reconnu. R\u00e9servez votre table.\" \/>\n<meta name=\"robots\" content=\"noindex, follow, max-snippet:-1, max-image-preview:large, max-video-preview:-1\" \/>\n<meta property=\"og:locale\" content=\"en_US\" \/>\n<meta property=\"og:type\" content=\"article\" \/>\n<meta property=\"og:title\" content=\"Accueil - Asti\" \/>\n<meta property=\"og:description\" content=\"Institution gastronomique \u00e0 Li\u00e8ge depuis plusieurs g\u00e9n\u00e9rations. Cuisine raffin\u00e9e, produits de qualit\u00e9 et savoir-faire reconnu. R\u00e9servez votre table.\" \/>\n<meta property=\"og:url\" content=\"https:\/\/restoasti.be\/\" \/>\n<meta property=\"og:site_name\" content=\"Asti\" \/>\n<meta property=\"article:publisher\" content=\"https:\/\/www.facebook.com\/profile.php?id=100063574483369&amp;locale=fr_FR\" \/>\n<meta property=\"article:modified_time\" content=\"2026-01-12T10:23:26+00:00\" \/>\n<meta name=\"twitter:card\" content=\"summary_large_image\" \/>\n<meta name=\"twitter:label1\" content=\"Est. reading time\" \/>\n\t<meta name=\"twitter:data1\" content=\"1 minute\" \/>\n<script type=\"application\/ld+json\" class=\"yoast-schema-graph\">{\"@context\":\"https:\/\/schema.org\",\"@graph\":[{\"@type\":\"WebPage\",\"@id\":\"https:\/\/restoasti.be\/\",\"url\":\"https:\/\/restoasti.be\/\",\"name\":\"Accueil - Asti\",\"isPartOf\":{\"@id\":\"https:\/\/restoasti.be\/#website\"},\"datePublished\":\"2024-01-29T15:01:16+00:00\",\"dateModified\":\"2026-01-12T10:23:26+00:00\",\"description\":\"Institution gastronomique \u00e0 Li\u00e8ge depuis plusieurs g\u00e9n\u00e9rations. Cuisine raffin\u00e9e, produits de qualit\u00e9 et savoir-faire reconnu. R\u00e9servez votre table.\",\"breadcrumb\":{\"@id\":\"https:\/\/restoasti.be\/#breadcrumb\"},\"inLanguage\":\"en-US\",\"potentialAction\":[{\"@type\":\"ReadAction\",\"target\":[\"https:\/\/restoasti.be\/\"]}]},{\"@type\":\"BreadcrumbList\",\"@id\":\"https:\/\/restoasti.be\/#breadcrumb\",\"itemListElement\":[{\"@type\":\"ListItem\",\"position\":1,\"name\":\"Home\",\"item\":\"https:\/\/restoasti.be\/\"},{\"@type\":\"ListItem\",\"position\":2,\"name\":\"Accueil\"}]},{\"@type\":\"WebSite\",\"@id\":\"https:\/\/restoasti.be\/#website\",\"url\":\"https:\/\/restoasti.be\/\",\"name\":\"resto Asti\",\"description\":\"\",\"publisher\":{\"@id\":\"https:\/\/restoasti.be\/#organization\"},\"potentialAction\":[{\"@type\":\"SearchAction\",\"target\":{\"@type\":\"EntryPoint\",\"urlTemplate\":\"https:\/\/restoasti.be\/?s={search_term_string}\"},\"query-input\":{\"@type\":\"PropertyValueSpecification\",\"valueRequired\":true,\"valueName\":\"search_term_string\"}}],\"inLanguage\":\"en-US\"},{\"@type\":\"Organization\",\"@id\":\"https:\/\/restoasti.be\/#organization\",\"name\":\"Resto Asti\",\"url\":\"https:\/\/restoasti.be\/\",\"logo\":{\"@type\":\"ImageObject\",\"inLanguage\":\"en-US\",\"@id\":\"https:\/\/restoasti.be\/#\/schema\/logo\/image\/\",\"url\":\"https:\/\/restoasti.be\/wp-content\/uploads\/2024\/04\/recto-cv-asti.jpg\",\"contentUrl\":\"https:\/\/restoasti.be\/wp-content\/uploads\/2024\/04\/recto-cv-asti.jpg\",\"width\":1042,\"height\":676,\"caption\":\"Resto Asti\"},\"image\":{\"@id\":\"https:\/\/restoasti.be\/#\/schema\/logo\/image\/\"},\"sameAs\":[\"https:\/\/www.facebook.com\/profile.php?id=100063574483369&locale=fr_FR\"]}]}<\/script>\n<!-- \/ Yoast SEO plugin. -->","yoast_head_json":{"title":"Accueil - Asti","description":"Institution gastronomique \u00e0 Li\u00e8ge depuis plusieurs g\u00e9n\u00e9rations. Cuisine raffin\u00e9e, produits de qualit\u00e9 et savoir-faire reconnu. R\u00e9servez votre table.","robots":{"index":"noindex","follow":"follow","max-snippet":"max-snippet:-1","max-image-preview":"max-image-preview:large","max-video-preview":"max-video-preview:-1"},"og_locale":"en_US","og_type":"article","og_title":"Accueil - Asti","og_description":"Institution gastronomique \u00e0 Li\u00e8ge depuis plusieurs g\u00e9n\u00e9rations. Cuisine raffin\u00e9e, produits de qualit\u00e9 et savoir-faire reconnu. R\u00e9servez votre table.","og_url":"https:\/\/restoasti.be\/","og_site_name":"Asti","article_publisher":"https:\/\/www.facebook.com\/profile.php?id=100063574483369&locale=fr_FR","article_modified_time":"2026-01-12T10:23:26+00:00","twitter_card":"summary_large_image","twitter_misc":{"Est. reading time":"1 minute"},"schema":{"@context":"https:\/\/schema.org","@graph":[{"@type":"WebPage","@id":"https:\/\/restoasti.be\/","url":"https:\/\/restoasti.be\/","name":"Accueil - Asti","isPartOf":{"@id":"https:\/\/restoasti.be\/#website"},"datePublished":"2024-01-29T15:01:16+00:00","dateModified":"2026-01-12T10:23:26+00:00","description":"Institution gastronomique \u00e0 Li\u00e8ge depuis plusieurs g\u00e9n\u00e9rations. Cuisine raffin\u00e9e, produits de qualit\u00e9 et savoir-faire reconnu. R\u00e9servez votre table.","breadcrumb":{"@id":"https:\/\/restoasti.be\/#breadcrumb"},"inLanguage":"en-US","potentialAction":[{"@type":"ReadAction","target":["https:\/\/restoasti.be\/"]}]},{"@type":"BreadcrumbList","@id":"https:\/\/restoasti.be\/#breadcrumb","itemListElement":[{"@type":"ListItem","position":1,"name":"Home","item":"https:\/\/restoasti.be\/"},{"@type":"ListItem","position":2,"name":"Accueil"}]},{"@type":"WebSite","@id":"https:\/\/restoasti.be\/#website","url":"https:\/\/restoasti.be\/","name":"resto Asti","description":"","publisher":{"@id":"https:\/\/restoasti.be\/#organization"},"potentialAction":[{"@type":"SearchAction","target":{"@type":"EntryPoint","urlTemplate":"https:\/\/restoasti.be\/?s={search_term_string}"},"query-input":{"@type":"PropertyValueSpecification","valueRequired":true,"valueName":"search_term_string"}}],"inLanguage":"en-US"},{"@type":"Organization","@id":"https:\/\/restoasti.be\/#organization","name":"Resto Asti","url":"https:\/\/restoasti.be\/","logo":{"@type":"ImageObject","inLanguage":"en-US","@id":"https:\/\/restoasti.be\/#\/schema\/logo\/image\/","url":"https:\/\/restoasti.be\/wp-content\/uploads\/2024\/04\/recto-cv-asti.jpg","contentUrl":"https:\/\/restoasti.be\/wp-content\/uploads\/2024\/04\/recto-cv-asti.jpg","width":1042,"height":676,"caption":"Resto Asti"},"image":{"@id":"https:\/\/restoasti.be\/#\/schema\/logo\/image\/"},"sameAs":["https:\/\/www.facebook.com\/profile.php?id=100063574483369&locale=fr_FR"]}]}},"_links":{"self":[{"href":"https:\/\/restoasti.be\/index.php\/wp-json\/wp\/v2\/pages\/10","targetHints":{"allow":["GET"]}}],"collection":[{"href":"https:\/\/restoasti.be\/index.php\/wp-json\/wp\/v2\/pages"}],"about":[{"href":"https:\/\/restoasti.be\/index.php\/wp-json\/wp\/v2\/types\/page"}],"author":[{"embeddable":true,"href":"https:\/\/restoasti.be\/index.php\/wp-json\/wp\/v2\/users\/1"}],"replies":[{"embeddable":true,"href":"https:\/\/restoasti.be\/index.php\/wp-json\/wp\/v2\/comments?post=10"}],"version-history":[{"count":34,"href":"https:\/\/restoasti.be\/index.php\/wp-json\/wp\/v2\/pages\/10\/revisions"}],"predecessor-version":[{"id":255,"href":"https:\/\/restoasti.be\/index.php\/wp-json\/wp\/v2\/pages\/10\/revisions\/255"}],"wp:attachment":[{"href":"https:\/\/restoasti.be\/index.php\/wp-json\/wp\/v2\/media?parent=10"}],"curies":[{"name":"wp","href":"https:\/\/api.w.org\/{rel}","templated":true}]}}