{"id":120,"date":"2024-04-08T18:17:39","date_gmt":"2024-04-08T16:17:39","guid":{"rendered":"https:\/\/snow-curlew-685522.hostingersite.com\/?page_id=120"},"modified":"2026-01-12T11:29:43","modified_gmt":"2026-01-12T10:29:43","slug":"contact","status":"publish","type":"page","link":"https:\/\/restoasti.be\/index.php\/contact\/","title":{"rendered":"Contact"},"content":{"rendered":"\n[et_pb_section fb_built=&#8221;1&#8243; admin_label=&#8221;Header&#8221; _builder_version=&#8221;4.24.1&#8243; _module_preset=&#8221;default&#8221; custom_padding=&#8221;||0px||false|false&#8221; collapsed=&#8221;on&#8221; global_colors_info=&#8221;{}&#8221; theme_builder_area=&#8221;post_content&#8221;][et_pb_row _builder_version=&#8221;4.24.1&#8243; _module_preset=&#8221;default&#8221; global_colors_info=&#8221;{}&#8221; theme_builder_area=&#8221;post_content&#8221;][et_pb_column type=&#8221;4_4&#8243; _builder_version=&#8221;4.24.1&#8243; _module_preset=&#8221;default&#8221; global_colors_info=&#8221;{}&#8221; theme_builder_area=&#8221;post_content&#8221;][et_pb_text _builder_version=&#8221;4.24.1&#8243; _module_preset=&#8221;ca77a62a-1a7f-4ac6-b4fb-9c64dd8f5797&#8243; text_orientation=&#8221;center&#8221; global_colors_info=&#8221;{}&#8221; theme_builder_area=&#8221;post_content&#8221;]<h1>Contact<\/h1>[\/et_pb_text][\/et_pb_column][\/et_pb_row][\/et_pb_section][et_pb_section fb_built=&#8221;1&#8243; admin_label=&#8221;Contact Info&#8221; _builder_version=&#8221;4.24.2&#8243; _module_preset=&#8221;default&#8221; collapsed=&#8221;on&#8221; global_colors_info=&#8221;{}&#8221; theme_builder_area=&#8221;post_content&#8221; custom_padding=&#8221;0px|||||&#8221;][et_pb_row column_structure=&#8221;1_2,1_2&#8243; make_equal=&#8221;on&#8221; _builder_version=&#8221;4.24.0&#8243; _module_preset=&#8221;default&#8221; width=&#8221;90%&#8221; max_width=&#8221;2000px&#8221; hover_enabled=&#8221;0&#8243; global_colors_info=&#8221;{}&#8221; theme_builder_area=&#8221;post_content&#8221; sticky_enabled=&#8221;0&#8243; custom_padding=&#8221;||0px|||&#8221;][et_pb_column type=&#8221;1_2&#8243; _builder_version=&#8221;4.24.2&#8243; _module_preset=&#8221;default&#8221; custom_padding=&#8221;10%||14%||false|false&#8221; custom_padding_tablet=&#8221;0px||0px||true|false&#8221; custom_padding_phone=&#8221;0px||0px||true|false&#8221; custom_padding_last_edited=&#8221;on|desktop&#8221; global_colors_info=&#8221;{}&#8221; theme_builder_area=&#8221;post_content&#8221;][et_pb_text _builder_version=&#8221;4.24.0&#8243; _module_preset=&#8221;e4e8eb43-a5c2-412c-bf74-fa681e2a151a&#8221; text_orientation=&#8221;center&#8221; custom_margin=&#8221;-74px||0px||false|false&#8221; hover_enabled=&#8221;0&#8243; global_colors_info=&#8221;{}&#8221; theme_builder_area=&#8221;post_content&#8221; sticky_enabled=&#8221;0&#8243;]<h4>Adresse<\/h4>[\/et_pb_text][et_pb_text _builder_version=&#8221;4.24.1&#8243; _module_preset=&#8221;7afc22e8-af2f-45be-9538-897d64dc0baf&#8221; text_orientation=&#8221;center&#8221; global_colors_info=&#8221;{}&#8221; theme_builder_area=&#8221;post_content&#8221;]<p>22, rue de la Madeleine &#8211; 4000 Li\u00e8ge<\/p>[\/et_pb_text][et_pb_text _builder_version=&#8221;4.24.2&#8243; _module_preset=&#8221;e4e8eb43-a5c2-412c-bf74-fa681e2a151a&#8221; text_orientation=&#8221;center&#8221; custom_margin=&#8221;||0px||false|false&#8221; global_colors_info=&#8221;{}&#8221; theme_builder_area=&#8221;post_content&#8221;]<h4>Ouvert :<\/h4>[\/et_pb_text][et_pb_text _builder_version=&#8221;4.24.1&#8243; _module_preset=&#8221;7afc22e8-af2f-45be-9538-897d64dc0baf&#8221; text_orientation=&#8221;center&#8221; custom_margin=&#8221;||0px||false|false&#8221; global_colors_info=&#8221;{}&#8221; theme_builder_area=&#8221;post_content&#8221;]<p>Lundi-Mardi-Vendredi-Samedi-Dimanche:\u00a0<\/p>[\/et_pb_text][et_pb_text _builder_version=&#8221;4.24.1&#8243; _module_preset=&#8221;7afc22e8-af2f-45be-9538-897d64dc0baf&#8221; text_orientation=&#8221;center&#8221; global_colors_info=&#8221;{}&#8221; theme_builder_area=&#8221;post_content&#8221; custom_margin=&#8221;||4px|||&#8221; custom_padding=&#8221;||38px|||&#8221;]<p>\u00a012h00 \u00e0 15h00 \/18h30 \u00e0 23h00<\/p>[\/et_pb_text][et_pb_text _builder_version=&#8221;4.24.2&#8243; _module_preset=&#8221;e4e8eb43-a5c2-412c-bf74-fa681e2a151a&#8221; text_orientation=&#8221;center&#8221; custom_margin=&#8221;||0px||false|false&#8221; global_colors_info=&#8221;{}&#8221; theme_builder_area=&#8221;post_content&#8221;]<h4>Ferm\u00e9 :<\/h4>[\/et_pb_text][et_pb_text _builder_version=&#8221;4.24.0&#8243; _module_preset=&#8221;7afc22e8-af2f-45be-9538-897d64dc0baf&#8221; text_orientation=&#8221;center&#8221; custom_margin=&#8221;||0px||false|false&#8221; hover_enabled=&#8221;0&#8243; global_colors_info=&#8221;{}&#8221; theme_builder_area=&#8221;post_content&#8221; sticky_enabled=&#8221;0&#8243;]<p>Mercredi &amp; jeudi<\/p>\n<p>&nbsp;<\/p>[\/et_pb_text][et_pb_text _builder_version=&#8221;4.24.1&#8243; _module_preset=&#8221;e4e8eb43-a5c2-412c-bf74-fa681e2a151a&#8221; text_orientation=&#8221;center&#8221; custom_margin=&#8221;||0px||false|false&#8221; global_colors_info=&#8221;{}&#8221; theme_builder_area=&#8221;post_content&#8221;]<h4>T\u00e9l\u00e9phone<\/h4>[\/et_pb_text][et_pb_text _builder_version=&#8221;4.24.1&#8243; _module_preset=&#8221;7afc22e8-af2f-45be-9538-897d64dc0baf&#8221; text_orientation=&#8221;center&#8221; custom_margin=&#8221;||0px||false|false&#8221; global_colors_info=&#8221;{}&#8221; theme_builder_area=&#8221;post_content&#8221;]<p>+32(0)4 223 29 89<\/p>[\/et_pb_text][\/et_pb_column][et_pb_column type=&#8221;1_2&#8243; _builder_version=&#8221;4.24.0&#8243; _module_preset=&#8221;default&#8221; background_image=&#8221;https:\/\/restoasti.be\/wp-content\/uploads\/2024\/04\/asti-vrijstaand.jpg4_.jpg&#8221; parallax=&#8221;on&#8221; hover_enabled=&#8221;0&#8243; global_colors_info=&#8221;{}&#8221; theme_builder_area=&#8221;post_content&#8221; title_text=&#8221;asti vrijstaand.jpg4&#8243; sticky_enabled=&#8221;0&#8243;][et_pb_divider show_divider=&#8221;off&#8221; _builder_version=&#8221;4.24.1&#8243; _module_preset=&#8221;default&#8221; height_tablet=&#8221;50vw&#8221; height_phone=&#8221;50vw&#8221; height_last_edited=&#8221;on|desktop&#8221; locked=&#8221;off&#8221; global_colors_info=&#8221;{}&#8221; theme_builder_area=&#8221;post_content&#8221;][\/et_pb_divider][\/et_pb_column][\/et_pb_row][\/et_pb_section]\n","protected":false},"excerpt":{"rendered":"<p>ContactAdresse22, rue de la Madeleine &#8211; 4000 Li\u00e8geOuvert :Lundi-Mardi-Vendredi-Samedi-Dimanche:\u00a0\u00a012h00 \u00e0 15h00 \/18h30 \u00e0 23h00Ferm\u00e9 :Mercredi &amp; jeudi &nbsp;T\u00e9l\u00e9phone+32(0)4 223 29 89<\/p>\n","protected":false},"author":1,"featured_media":0,"parent":0,"menu_order":0,"comment_status":"closed","ping_status":"closed","template":"","meta":{"_et_pb_use_builder":"on","_et_pb_old_content":"","_et_gb_content_width":"","footnotes":""},"class_list":["post-120","page","type-page","status-publish","hentry"],"yoast_head":"<!-- This site is optimized with the Yoast SEO plugin v26.7 - https:\/\/yoast.com\/wordpress\/plugins\/seo\/ -->\n<title>Contact - Asti<\/title>\n<meta name=\"description\" content=\"Contactez le restaurant Asti \u00e0 Li\u00e8ge pour toute r\u00e9servation ou demande d\u2019information. Nous restons \u00e0 votre disposition.\" \/>\n<meta name=\"robots\" content=\"noindex, follow, max-snippet:-1, max-image-preview:large, max-video-preview:-1\" \/>\n<meta property=\"og:locale\" content=\"en_US\" \/>\n<meta property=\"og:type\" content=\"article\" \/>\n<meta property=\"og:title\" content=\"Contact - Asti\" \/>\n<meta property=\"og:description\" content=\"Contactez le restaurant Asti \u00e0 Li\u00e8ge pour toute r\u00e9servation ou demande d\u2019information. Nous restons \u00e0 votre disposition.\" \/>\n<meta property=\"og:url\" content=\"https:\/\/restoasti.be\/index.php\/contact\/\" \/>\n<meta property=\"og:site_name\" content=\"Asti\" \/>\n<meta property=\"article:publisher\" content=\"https:\/\/www.facebook.com\/profile.php?id=100063574483369&amp;locale=fr_FR\" \/>\n<meta property=\"article:modified_time\" content=\"2026-01-12T10:29:43+00:00\" \/>\n<meta name=\"twitter:card\" content=\"summary_large_image\" \/>\n<meta name=\"twitter:label1\" content=\"Est. reading time\" \/>\n\t<meta name=\"twitter:data1\" content=\"1 minute\" \/>\n<script type=\"application\/ld+json\" class=\"yoast-schema-graph\">{\"@context\":\"https:\/\/schema.org\",\"@graph\":[{\"@type\":\"WebPage\",\"@id\":\"https:\/\/restoasti.be\/index.php\/contact\/\",\"url\":\"https:\/\/restoasti.be\/index.php\/contact\/\",\"name\":\"Contact - Asti\",\"isPartOf\":{\"@id\":\"https:\/\/restoasti.be\/#website\"},\"datePublished\":\"2024-04-08T16:17:39+00:00\",\"dateModified\":\"2026-01-12T10:29:43+00:00\",\"description\":\"Contactez le restaurant Asti \u00e0 Li\u00e8ge pour toute r\u00e9servation ou demande d\u2019information. Nous restons \u00e0 votre disposition.\",\"breadcrumb\":{\"@id\":\"https:\/\/restoasti.be\/index.php\/contact\/#breadcrumb\"},\"inLanguage\":\"en-US\",\"potentialAction\":[{\"@type\":\"ReadAction\",\"target\":[\"https:\/\/restoasti.be\/index.php\/contact\/\"]}]},{\"@type\":\"BreadcrumbList\",\"@id\":\"https:\/\/restoasti.be\/index.php\/contact\/#breadcrumb\",\"itemListElement\":[{\"@type\":\"ListItem\",\"position\":1,\"name\":\"Home\",\"item\":\"https:\/\/restoasti.be\/\"},{\"@type\":\"ListItem\",\"position\":2,\"name\":\"Contact\"}]},{\"@type\":\"WebSite\",\"@id\":\"https:\/\/restoasti.be\/#website\",\"url\":\"https:\/\/restoasti.be\/\",\"name\":\"resto Asti\",\"description\":\"\",\"publisher\":{\"@id\":\"https:\/\/restoasti.be\/#organization\"},\"potentialAction\":[{\"@type\":\"SearchAction\",\"target\":{\"@type\":\"EntryPoint\",\"urlTemplate\":\"https:\/\/restoasti.be\/?s={search_term_string}\"},\"query-input\":{\"@type\":\"PropertyValueSpecification\",\"valueRequired\":true,\"valueName\":\"search_term_string\"}}],\"inLanguage\":\"en-US\"},{\"@type\":\"Organization\",\"@id\":\"https:\/\/restoasti.be\/#organization\",\"name\":\"Resto Asti\",\"url\":\"https:\/\/restoasti.be\/\",\"logo\":{\"@type\":\"ImageObject\",\"inLanguage\":\"en-US\",\"@id\":\"https:\/\/restoasti.be\/#\/schema\/logo\/image\/\",\"url\":\"https:\/\/restoasti.be\/wp-content\/uploads\/2024\/04\/recto-cv-asti.jpg\",\"contentUrl\":\"https:\/\/restoasti.be\/wp-content\/uploads\/2024\/04\/recto-cv-asti.jpg\",\"width\":1042,\"height\":676,\"caption\":\"Resto Asti\"},\"image\":{\"@id\":\"https:\/\/restoasti.be\/#\/schema\/logo\/image\/\"},\"sameAs\":[\"https:\/\/www.facebook.com\/profile.php?id=100063574483369&locale=fr_FR\"]}]}<\/script>\n<!-- \/ Yoast SEO plugin. -->","yoast_head_json":{"title":"Contact - Asti","description":"Contactez le restaurant Asti \u00e0 Li\u00e8ge pour toute r\u00e9servation ou demande d\u2019information. Nous restons \u00e0 votre disposition.","robots":{"index":"noindex","follow":"follow","max-snippet":"max-snippet:-1","max-image-preview":"max-image-preview:large","max-video-preview":"max-video-preview:-1"},"og_locale":"en_US","og_type":"article","og_title":"Contact - Asti","og_description":"Contactez le restaurant Asti \u00e0 Li\u00e8ge pour toute r\u00e9servation ou demande d\u2019information. Nous restons \u00e0 votre disposition.","og_url":"https:\/\/restoasti.be\/index.php\/contact\/","og_site_name":"Asti","article_publisher":"https:\/\/www.facebook.com\/profile.php?id=100063574483369&locale=fr_FR","article_modified_time":"2026-01-12T10:29:43+00:00","twitter_card":"summary_large_image","twitter_misc":{"Est. reading time":"1 minute"},"schema":{"@context":"https:\/\/schema.org","@graph":[{"@type":"WebPage","@id":"https:\/\/restoasti.be\/index.php\/contact\/","url":"https:\/\/restoasti.be\/index.php\/contact\/","name":"Contact - Asti","isPartOf":{"@id":"https:\/\/restoasti.be\/#website"},"datePublished":"2024-04-08T16:17:39+00:00","dateModified":"2026-01-12T10:29:43+00:00","description":"Contactez le restaurant Asti \u00e0 Li\u00e8ge pour toute r\u00e9servation ou demande d\u2019information. Nous restons \u00e0 votre disposition.","breadcrumb":{"@id":"https:\/\/restoasti.be\/index.php\/contact\/#breadcrumb"},"inLanguage":"en-US","potentialAction":[{"@type":"ReadAction","target":["https:\/\/restoasti.be\/index.php\/contact\/"]}]},{"@type":"BreadcrumbList","@id":"https:\/\/restoasti.be\/index.php\/contact\/#breadcrumb","itemListElement":[{"@type":"ListItem","position":1,"name":"Home","item":"https:\/\/restoasti.be\/"},{"@type":"ListItem","position":2,"name":"Contact"}]},{"@type":"WebSite","@id":"https:\/\/restoasti.be\/#website","url":"https:\/\/restoasti.be\/","name":"resto Asti","description":"","publisher":{"@id":"https:\/\/restoasti.be\/#organization"},"potentialAction":[{"@type":"SearchAction","target":{"@type":"EntryPoint","urlTemplate":"https:\/\/restoasti.be\/?s={search_term_string}"},"query-input":{"@type":"PropertyValueSpecification","valueRequired":true,"valueName":"search_term_string"}}],"inLanguage":"en-US"},{"@type":"Organization","@id":"https:\/\/restoasti.be\/#organization","name":"Resto Asti","url":"https:\/\/restoasti.be\/","logo":{"@type":"ImageObject","inLanguage":"en-US","@id":"https:\/\/restoasti.be\/#\/schema\/logo\/image\/","url":"https:\/\/restoasti.be\/wp-content\/uploads\/2024\/04\/recto-cv-asti.jpg","contentUrl":"https:\/\/restoasti.be\/wp-content\/uploads\/2024\/04\/recto-cv-asti.jpg","width":1042,"height":676,"caption":"Resto Asti"},"image":{"@id":"https:\/\/restoasti.be\/#\/schema\/logo\/image\/"},"sameAs":["https:\/\/www.facebook.com\/profile.php?id=100063574483369&locale=fr_FR"]}]}},"_links":{"self":[{"href":"https:\/\/restoasti.be\/index.php\/wp-json\/wp\/v2\/pages\/120","targetHints":{"allow":["GET"]}}],"collection":[{"href":"https:\/\/restoasti.be\/index.php\/wp-json\/wp\/v2\/pages"}],"about":[{"href":"https:\/\/restoasti.be\/index.php\/wp-json\/wp\/v2\/types\/page"}],"author":[{"embeddable":true,"href":"https:\/\/restoasti.be\/index.php\/wp-json\/wp\/v2\/users\/1"}],"replies":[{"embeddable":true,"href":"https:\/\/restoasti.be\/index.php\/wp-json\/wp\/v2\/comments?post=120"}],"version-history":[{"count":3,"href":"https:\/\/restoasti.be\/index.php\/wp-json\/wp\/v2\/pages\/120\/revisions"}],"predecessor-version":[{"id":256,"href":"https:\/\/restoasti.be\/index.php\/wp-json\/wp\/v2\/pages\/120\/revisions\/256"}],"wp:attachment":[{"href":"https:\/\/restoasti.be\/index.php\/wp-json\/wp\/v2\/media?parent=120"}],"curies":[{"name":"wp","href":"https:\/\/api.w.org\/{rel}","templated":true}]}}